{"id":1519,"date":"2024-05-17T12:09:13","date_gmt":"2024-05-17T10:09:13","guid":{"rendered":"https:\/\/aura.be\/?page_id=1519"},"modified":"2025-10-16T14:46:20","modified_gmt":"2025-10-16T12:46:20","slug":"la-durabilite","status":"publish","type":"page","link":"https:\/\/aura.be\/fr\/aura-business\/duurzaamheid\/","title":{"rendered":"Durabilit\u00e9"},"content":{"rendered":"<div data-elementor-type=\"wp-page\" data-elementor-id=\"1519\" class=\"elementor elementor-1519\" data-elementor-post-type=\"page\">\n\t\t\t\t<div class=\"elementor-element elementor-element-af50cc9 e-con-full e-flex e-con e-parent\" data-id=\"af50cc9\" data-element_type=\"container\" data-e-type=\"container\" data-settings=\"{&quot;jet_parallax_layout_list&quot;:[]}\">\n\t\t<div class=\"elementor-element elementor-element-97a5259 e-con-full e-flex e-con e-child\" data-id=\"97a5259\" data-element_type=\"container\" data-e-type=\"container\" data-settings=\"{&quot;jet_parallax_layout_list&quot;:[],&quot;background_background&quot;:&quot;classic&quot;}\">\n\t\t\t\t<\/div>\n\t\t<div class=\"elementor-element elementor-element-b3bf551 e-con-full e-flex e-con e-child\" data-id=\"b3bf551\" data-element_type=\"container\" data-e-type=\"container\" data-settings=\"{&quot;jet_parallax_layout_list&quot;:[]}\">\n\t\t\t\t<div class=\"elementor-element elementor-element-a1b1a86 elementor-widget elementor-widget-heading\" data-id=\"a1b1a86\" data-element_type=\"widget\" data-e-type=\"widget\" data-widget_type=\"heading.default\">\n\t\t\t\t<div class=\"elementor-widget-container\">\n\t\t\t\t\t<h1 class=\"elementor-heading-title elementor-size-default\">Durabilit\u00e9<\/h1>\t\t\t\t<\/div>\n\t\t\t\t<\/div>\n\t\t\t\t<div class=\"elementor-element elementor-element-bcbe973 split-word elementor-widget elementor-widget-heading\" data-id=\"bcbe973\" data-element_type=\"widget\" data-e-type=\"widget\" data-widget_type=\"heading.default\">\n\t\t\t\t<div class=\"elementor-widget-container\">\n\t\t\t\t\t<h2 class=\"elementor-heading-title elementor-size-default\">Notre strat\u00e9gie d'investissement durable\n<\/h2>\t\t\t\t<\/div>\n\t\t\t\t<\/div>\n\t\t\t\t<div class=\"elementor-element elementor-element-537260b elementor-widget elementor-widget-text-editor\" data-id=\"537260b\" data-element_type=\"widget\" data-e-type=\"widget\" data-widget_type=\"text-editor.default\">\n\t\t\t\t<div class=\"elementor-widget-container\">\n\t\t\t\t\t\t\t\t\t<p>En tant que promoteur-investisseur, nous consid\u00e9rons qu'il est de notre responsabilit\u00e9 soci\u00e9tale de d\u00e9velopper des projets qui sont \u00e0 la fois \u00e9cologiquement et \u00e9conomiquement durables, et ce sur le long terme.\u00a0<\/p><p>Nous nous engageons activement \u00e0 r\u00e9duire l'empreinte carbone de notre portefeuille existant ainsi que de nos nouveaux projets. Quelques exemples de ces initiatives incluent : l'utilisation de mat\u00e9riaux recycl\u00e9s, la gestion efficace de l'eau (r\u00e9cup\u00e9ration des eaux de pluie), l'efficacit\u00e9 \u00e9nerg\u00e9tique (pompes \u00e0 chaleur), la mobilit\u00e9 (abris \u00e0 v\u00e9los et bornes de recharge \u00e9lectrique), etc.<\/p>\t\t\t\t\t\t\t\t<\/div>\n\t\t\t\t<\/div>\n\t\t\t\t<\/div>\n\t\t\t\t<\/div>\n\t\t<div class=\"elementor-element elementor-element-32c9391 e-con-full e-flex e-con e-parent\" data-id=\"32c9391\" data-element_type=\"container\" data-e-type=\"container\" data-settings=\"{&quot;jet_parallax_layout_list&quot;:[],&quot;background_background&quot;:&quot;classic&quot;}\">\n\t\t<div class=\"elementor-element elementor-element-cea413b e-con-full e-flex e-con e-child\" data-id=\"cea413b\" data-element_type=\"container\" data-e-type=\"container\" data-settings=\"{&quot;jet_parallax_layout_list&quot;:[]}\">\n\t\t<div class=\"elementor-element elementor-element-76eb62b e-flex e-con-boxed e-con e-child\" data-id=\"76eb62b\" data-element_type=\"container\" data-e-type=\"container\" data-settings=\"{&quot;jet_parallax_layout_list&quot;:[]}\">\n\t\t\t\t\t<div class=\"e-con-inner\">\n\t\t\t\t<div class=\"elementor-element elementor-element-2dc6140 elementor-view-default elementor-widget elementor-widget-icon\" data-id=\"2dc6140\" data-element_type=\"widget\" data-e-type=\"widget\" data-widget_type=\"icon.default\">\n\t\t\t\t<div class=\"elementor-widget-container\">\n\t\t\t\t\t\t\t<div class=\"elementor-icon-wrapper\">\n\t\t\t<div class=\"elementor-icon\">\n\t\t\t<svg xmlns=\"http:\/\/www.w3.org\/2000\/svg\" xmlns:xlink=\"http:\/\/www.w3.org\/1999\/xlink\" id=\"Laag_1\" x=\"0px\" y=\"0px\" viewbox=\"0 0 1087.5 1087.5\" style=\"enable-background:new 0 0 1087.5 1087.5;\" xml:space=\"preserve\"><style type=\"text\/css\">\t.st0{fill-rule:evenodd;clip-rule:evenodd;}<\/style><path class=\"st0\" d=\"M296.3,1087.5h772.5c6.3,0,12.1-3.1,15.6-8.4c3.5-5.2,4.1-11.9,1.6-17.7L823.5,440.4 c-2.9-6.9-9.7-11.4-17.2-11.4h-525c-7.5,0-14.3,4.5-17.2,11.4l-32.5,76.8c-0.1,0.2-0.2,0.4-0.2,0.6L1.5,1061.4 c-2.5,5.8-1.9,12.4,1.6,17.7c3.5,5.2,9.3,8.4,15.6,8.4L296.3,1087.5L296.3,1087.5z M280.5,1050l30.7-153.7H112L47,1050H280.5z  M562.5,896.3V1050h206.3l-30.7-153.7H562.5z M975.5,896.3H776.4L807,1050h233.5L975.5,896.3z M349.4,896.3L318.8,1050H525V896.3 H349.4z M170.6,757.8l-42.7,101h190.8l20.2-101H170.6z M562.5,757.8v101h168.1l-20.2-101H562.5z M748.7,757.8l20.2,101h190.8 l-42.7-101H748.7z M377.1,757.8l-20.2,101H525v-101H377.1z M219.4,642.1l-33,78.2h159.9l15.6-78.2H219.4z M562.5,642.1v78.2H703 l-15.6-78.2H562.5z M725.7,642.1l15.6,78.2h159.9l-33-78.2H725.7z M400.2,642.1l-15.6,78.2H525v-78.2H400.2z M261.1,543.6 l-25.8,61.1h134.1l12.2-61.1H261.1z M562.5,543.6v61.1h117.4l-12.2-61.1H562.5z M706,543.6l12.2,61.1h134.1l-25.8-61.1H706z  M419.8,543.6l-12.2,61.1H525v-61.1H419.8z M293.7,466.5L277,506.1h112.1l7.9-39.6H293.7z M562.5,466.5v39.6h97.7l-7.9-39.6H562.5z  M690.6,466.5l7.9,39.6h112.1l-16.7-39.6H690.6z M435.2,466.5l-7.9,39.6H525v-39.6H435.2z M562.5,328.4v-24.8 c0-10.4-8.4-18.8-18.8-18.8s-18.8,8.4-18.8,18.8v24.8c0,10.4,8.4,18.8,18.8,18.8S562.5,338.8,562.5,328.4z M447.5,296.3l17.6-17.6 c7.3-7.3,7.3-19.2,0-26.5s-19.2-7.3-26.5,0l-17.5,17.6c-7.4,7.3-7.4,19.2,0,26.5C428.4,303.7,440.2,303.7,447.5,296.3L447.5,296.3z  M666.5,269.8L649,252.2c-7.3-7.3-19.2-7.3-26.5,0s-7.3,19.2,0,26.5l17.6,17.6c7.3,7.3,19.2,7.3,26.5,0 C673.8,289,673.8,277.1,666.5,269.8z M542.9,76.8c-53.4,0-96.8,43.4-96.8,96.8s43.4,96.8,96.8,96.8c53.4,0,96.8-43.4,96.8-96.8 S596.4,76.8,542.9,76.8L542.9,76.8z M542.9,114.3c32.7,0,59.2,26.6,59.2,59.3c0,32.7-26.5,59.2-59.2,59.2 c-32.7,0-59.2-26.5-59.2-59.2C483.7,140.9,510.3,114.3,542.9,114.3L542.9,114.3z M698.6,154.8h-24.8c-10.4,0-18.8,8.4-18.8,18.8 s8.4,18.8,18.8,18.8h24.8c10.4,0,18.8-8.4,18.8-18.8S709,154.8,698.6,154.8z M388.9,192.3h24.8c10.4,0,18.8-8.4,18.8-18.8 s-8.4-18.8-18.8-18.8h-24.8c-10.4,0-18.8,8.4-18.8,18.8S378.6,192.3,388.9,192.3z M640,50.9l-17.6,17.6c-7.3,7.3-7.3,19.2,0,26.5 s19.2,7.3,26.5,0l17.5-17.6c7.4-7.3,7.4-19.2,0-26.5C659.2,43.5,647.3,43.5,640,50.9z M421.1,77.3l17.5,17.6 c7.3,7.3,19.2,7.3,26.5,0s7.3-19.2,0-26.5l-17.6-17.6c-7.3-7.4-19.2-7.4-26.5,0C413.7,58.2,413.7,70,421.1,77.3z M525,18.8v24.8 c0,10.4,8.4,18.8,18.8,18.8s18.8-8.4,18.8-18.8V18.8c0-10.4-8.4-18.8-18.8-18.8S525,8.4,525,18.8z\"><\/path><\/svg>\t\t\t<\/div>\n\t\t<\/div>\n\t\t\t\t\t\t<\/div>\n\t\t\t\t<\/div>\n\t\t\t\t<div class=\"elementor-element elementor-element-5267af7 elementor-widget elementor-widget-heading\" data-id=\"5267af7\" data-element_type=\"widget\" data-e-type=\"widget\" data-widget_type=\"heading.default\">\n\t\t\t\t<div class=\"elementor-widget-container\">\n\t\t\t\t\t<h2 class=\"elementor-heading-title elementor-size-default\">\u00c9nergie solaire <\/h2>\t\t\t\t<\/div>\n\t\t\t\t<\/div>\n\t\t\t\t\t<\/div>\n\t\t\t\t<\/div>\n\t\t\t\t<div class=\"elementor-element elementor-element-8271023 elementor-widget elementor-widget-text-editor\" data-id=\"8271023\" data-element_type=\"widget\" data-e-type=\"widget\" data-widget_type=\"text-editor.default\">\n\t\t\t\t<div class=\"elementor-widget-container\">\n\t\t\t\t\t\t\t\t\t<p>Gr\u00e2ce aux panneaux solaires install\u00e9s sur les toits de nos diff\u00e9rents sites, nous exploitons l'\u00e9nergie in\u00e9puisable du soleil. Cette initiative permet non seulement de r\u00e9duire notre empreinte carbone, mais aussi de soutenir nos locataires en r\u00e9duisant leurs co\u00fbts \u00e9nerg\u00e9tiques et en b\u00e9n\u00e9ficiant d'une \u00e9nergie propre.<\/p>\t\t\t\t\t\t\t\t<\/div>\n\t\t\t\t<\/div>\n\t\t\t\t<\/div>\n\t\t<div class=\"elementor-element elementor-element-21c0e32 e-con-full e-flex e-con e-child\" data-id=\"21c0e32\" data-element_type=\"container\" data-e-type=\"container\" data-settings=\"{&quot;jet_parallax_layout_list&quot;:[],&quot;background_background&quot;:&quot;classic&quot;}\">\n\t\t\t\t<\/div>\n\t\t\t\t<\/div>\n\t\t<div class=\"elementor-element elementor-element-d4f208e e-con-full e-flex e-con e-parent\" data-id=\"d4f208e\" data-element_type=\"container\" data-e-type=\"container\" data-settings=\"{&quot;jet_parallax_layout_list&quot;:[],&quot;background_background&quot;:&quot;classic&quot;}\">\n\t\t\t\t<div class=\"elementor-element elementor-element-c27fee6 elementor-widget elementor-widget-heading\" data-id=\"c27fee6\" data-element_type=\"widget\" data-e-type=\"widget\" data-widget_type=\"heading.default\">\n\t\t\t\t<div class=\"elementor-widget-container\">\n\t\t\t\t\t<h3 class=\"elementor-heading-title elementor-size-default\">\u00c9nergie solaire g\u00e9n\u00e9r\u00e9e en 2023<\/h3>\t\t\t\t<\/div>\n\t\t\t\t<\/div>\n\t\t<div class=\"elementor-element elementor-element-184dd65 e-con-full e-flex e-con e-child\" data-id=\"184dd65\" data-element_type=\"container\" data-e-type=\"container\" id=\"duurzaam-teller\" data-settings=\"{&quot;jet_parallax_layout_list&quot;:[]}\">\n\t\t\t\t<div class=\"elementor-element elementor-element-ceb2ddd elementor-widget__width-initial elementor-widget-tablet__width-inherit elementor-widget elementor-widget-counter\" data-id=\"ceb2ddd\" data-element_type=\"widget\" data-e-type=\"widget\" data-widget_type=\"counter.default\">\n\t\t\t\t<div class=\"elementor-widget-container\">\n\t\t\t\t\t\t\t<div class=\"elementor-counter\">\n\t\t\t<div class=\"elementor-counter-title\">Nombre d'\u00e9lectricit\u00e9 solaire produite<\/div>\t\t\t<div class=\"elementor-counter-number-wrapper\">\n\t\t\t\t<span class=\"elementor-counter-number-prefix\"><\/span>\n\t\t\t\t<span class=\"elementor-counter-number\" data-duration=\"2000\" data-to-value=\"2.2\" data-from-value=\"0\" data-delimiter=\",\">0<\/span>\n\t\t\t\t<span class=\"elementor-counter-number-suffix\">GWh<\/span>\n\t\t\t<\/div>\n\t\t<\/div>\n\t\t\t\t\t\t<\/div>\n\t\t\t\t<\/div>\n\t\t\t\t<div class=\"elementor-element elementor-element-12b4228 elementor-widget__width-initial elementor-widget-tablet__width-inherit elementor-widget elementor-widget-counter\" data-id=\"12b4228\" data-element_type=\"widget\" data-e-type=\"widget\" data-widget_type=\"counter.default\">\n\t\t\t\t<div class=\"elementor-widget-container\">\n\t\t\t\t\t\t\t<div class=\"elementor-counter\">\n\t\t\t<div class=\"elementor-counter-title\">Nombre de foyers aliment\u00e9s en \u00e9lectricit\u00e9 pendant un an<\/div>\t\t\t<div class=\"elementor-counter-number-wrapper\">\n\t\t\t\t<span class=\"elementor-counter-number-prefix\"><\/span>\n\t\t\t\t<span class=\"elementor-counter-number\" data-duration=\"2000\" data-to-value=\"630\" data-from-value=\"0\" data-delimiter=\",\">0<\/span>\n\t\t\t\t<span class=\"elementor-counter-number-suffix\"><\/span>\n\t\t\t<\/div>\n\t\t<\/div>\n\t\t\t\t\t\t<\/div>\n\t\t\t\t<\/div>\n\t\t\t\t<div class=\"elementor-element elementor-element-ef3ac5a elementor-widget__width-initial elementor-widget-tablet__width-inherit elementor-widget elementor-widget-counter\" data-id=\"ef3ac5a\" data-element_type=\"widget\" data-e-type=\"widget\" data-widget_type=\"counter.default\">\n\t\t\t\t<div class=\"elementor-widget-container\">\n\t\t\t\t\t\t\t<div class=\"elementor-counter\">\n\t\t\t<div class=\"elementor-counter-title\">Bon pour une r\u00e9duction de<\/div>\t\t\t<div class=\"elementor-counter-number-wrapper\">\n\t\t\t\t<span class=\"elementor-counter-number-prefix\"><\/span>\n\t\t\t\t<span class=\"elementor-counter-number\" data-duration=\"2000\" data-to-value=\"1431\" data-from-value=\"0\" data-delimiter=\",\">0<\/span>\n\t\t\t\t<span class=\"elementor-counter-number-suffix\">tonnes de CO<sup>2<\/sup><\/span>\n\t\t\t<\/div>\n\t\t<\/div>\n\t\t\t\t\t\t<\/div>\n\t\t\t\t<\/div>\n\t\t\t\t<\/div>\n\t\t\t\t<\/div>\n\t\t<div class=\"elementor-element elementor-element-659ca24 e-con-full e-flex e-con e-parent\" data-id=\"659ca24\" data-element_type=\"container\" data-e-type=\"container\" data-settings=\"{&quot;jet_parallax_layout_list&quot;:[]}\">\n\t\t<div class=\"elementor-element elementor-element-842a92a e-con-full e-flex e-con e-child\" data-id=\"842a92a\" data-element_type=\"container\" data-e-type=\"container\" data-settings=\"{&quot;jet_parallax_layout_list&quot;:[],&quot;background_background&quot;:&quot;classic&quot;}\">\n\t\t\t\t<\/div>\n\t\t<div class=\"elementor-element elementor-element-1d4338e e-con-full e-flex e-con e-child\" data-id=\"1d4338e\" data-element_type=\"container\" data-e-type=\"container\" data-settings=\"{&quot;jet_parallax_layout_list&quot;:[]}\">\n\t\t<div class=\"elementor-element elementor-element-ab43230 e-con-full e-flex e-con e-child\" data-id=\"ab43230\" data-element_type=\"container\" data-e-type=\"container\" data-settings=\"{&quot;jet_parallax_layout_list&quot;:[]}\">\n\t\t\t\t<div class=\"elementor-element elementor-element-784b5f4 elementor-view-default elementor-widget elementor-widget-icon\" data-id=\"784b5f4\" data-element_type=\"widget\" data-e-type=\"widget\" data-widget_type=\"icon.default\">\n\t\t\t\t<div class=\"elementor-widget-container\">\n\t\t\t\t\t\t\t<div class=\"elementor-icon-wrapper\">\n\t\t\t<div class=\"elementor-icon\">\n\t\t\t<svg xmlns=\"http:\/\/www.w3.org\/2000\/svg\" xmlns:xlink=\"http:\/\/www.w3.org\/1999\/xlink\" id=\"Laag_1\" x=\"0px\" y=\"0px\" viewbox=\"0 0 1200 1057.8\" style=\"enable-background:new 0 0 1200 1057.8;\" xml:space=\"preserve\"><style type=\"text\/css\">\t.st0{fill-rule:evenodd;clip-rule:evenodd;}<\/style><path class=\"st0\" d=\"M110.2,620.3h132l42,47.1v118.5h-216V667.4L110.2,620.3z M490.3,423.4h385.1l55.6,64.8v63.1H435.5v-63.3 L490.3,423.4z M543.1,307h279.4l23.1,50.9H520L543.1,307z M864.7,241.5H501l-67.8,149.1L370,463.5v153.2h60.2V684h75v-67.2h356.1 V684h75v-67.2h60.2V463.5l-64-72.9L864.7,241.5z M543.7,496.1c0-22.5-18.3-40.7-40.8-40.7c-22.5,0-40.7,18.2-40.7,40.7 c0,22.5,18.2,40.7,40.7,40.7C525.4,536.9,543.7,518.6,543.7,496.1z M822,496.1c0,22.5,18.2,40.8,40.8,40.8 c22.5,0,40.7-18.2,40.7-40.8c0-22.5-18.2-40.7-40.7-40.7C840.2,455.4,822,473.6,822,496.1z M671.1,0C379,0,142.1,236.8,142.1,528.9 l-38.7,0v23.2H79.7L0,641.5v212.6h59.4v112.6h68.2V854.1h97.2v112.6h68.2V854.1h59.4V641.5l-79.7-89.4H249v-23.2h-38.7 c0-254.5,206.3-460.8,460.8-460.8c254.5,0,460.8,206.3,460.8,460.8c0,250.5-199.9,454.3-448.9,460.6 c-73.2,1.8-122.5-15.4-119.8-101.1c2.9-92.4,75.8-172.7,132-239.6h-87.1c-57.2,75.8-109.7,134.5-113,237.5 c-4,125,74.9,174.2,189.6,171.4c286.6-7.2,515.3-242.1,515.3-528.8C1200,236.8,963.1,0,671.1,0L671.1,0z\"><\/path><\/svg>\t\t\t<\/div>\n\t\t<\/div>\n\t\t\t\t\t\t<\/div>\n\t\t\t\t<\/div>\n\t\t\t\t<div class=\"elementor-element elementor-element-a45f18e elementor-widget elementor-widget-heading\" data-id=\"a45f18e\" data-element_type=\"widget\" data-e-type=\"widget\" data-widget_type=\"heading.default\">\n\t\t\t\t<div class=\"elementor-widget-container\">\n\t\t\t\t\t<h2 class=\"elementor-heading-title elementor-size-default\">Infrastructure de recharge<\/h2>\t\t\t\t<\/div>\n\t\t\t\t<\/div>\n\t\t\t\t<\/div>\n\t\t\t\t<div class=\"elementor-element elementor-element-9afc8fc elementor-widget elementor-widget-text-editor\" data-id=\"9afc8fc\" data-element_type=\"widget\" data-e-type=\"widget\" data-widget_type=\"text-editor.default\">\n\t\t\t\t<div class=\"elementor-widget-container\">\n\t\t\t\t\t\t\t\t\t<p>En tant que partisan de la mobilit\u00e9 durable, nous nous engageons pleinement dans l'\u00e9lectrification de notre flotte de v\u00e9hicules. De cette mani\u00e8re, nous contribuons \u00e0 l'am\u00e9lioration de la qualit\u00e9 de l'air et \u00e0 la r\u00e9duction de nos \u00e9missions de CO2.<\/p>\n<p>Nous investissons \u00e9galement dans des bornes de recharge pour v\u00e9hicules \u00e9lectriques \u00e0 des endroits strat\u00e9giques au sein de notre portefeuille immobilier. Ce service offre non seulement une commodit\u00e9 \u00e0 nos locataires et \u00e0 leurs clients, mais constitue \u00e9galement un pas vers une soci\u00e9t\u00e9 plus verte.<\/p>\t\t\t\t\t\t\t\t<\/div>\n\t\t\t\t<\/div>\n\t\t\t\t<\/div>\n\t\t\t\t<\/div>\n\t\t\t\t<\/div>","protected":false},"excerpt":{"rendered":"<p>Duurzaamheid Onze duurzame investeringsstrategie Als ontwikkelaar-investeerder zien wij het als onze maatschappelijke verantwoordelijkheid\u00a0om projecten te ontwikkelen die ecologisch \u00e9n economisch duurzaam zijn. En dit op lange termijn.\u00a0 We zetten ons actief in om de CO2-voetafdruk te verminderen van zowel onze bestaande portefeuille als onze nieuwe projecten. Enkele voorbeelden daarvan zijn: gebruik van recyclage materialen, effici\u00ebnt [&hellip;]<\/p>\n","protected":false},"author":1,"featured_media":0,"parent":93,"menu_order":0,"comment_status":"closed","ping_status":"closed","template":"","meta":{"_seopress_robots_primary_cat":"","_seopress_titles_title":"","_seopress_titles_desc":"","_seopress_robots_index":"","iawp_total_views":297,"footnotes":""},"class_list":["post-1519","page","type-page","status-publish","hentry"],"_links":{"self":[{"href":"https:\/\/aura.be\/fr\/wp-json\/wp\/v2\/pages\/1519","targetHints":{"allow":["GET"]}}],"collection":[{"href":"https:\/\/aura.be\/fr\/wp-json\/wp\/v2\/pages"}],"about":[{"href":"https:\/\/aura.be\/fr\/wp-json\/wp\/v2\/types\/page"}],"author":[{"embeddable":true,"href":"https:\/\/aura.be\/fr\/wp-json\/wp\/v2\/users\/1"}],"replies":[{"embeddable":true,"href":"https:\/\/aura.be\/fr\/wp-json\/wp\/v2\/comments?post=1519"}],"version-history":[{"count":289,"href":"https:\/\/aura.be\/fr\/wp-json\/wp\/v2\/pages\/1519\/revisions"}],"predecessor-version":[{"id":4674,"href":"https:\/\/aura.be\/fr\/wp-json\/wp\/v2\/pages\/1519\/revisions\/4674"}],"up":[{"embeddable":true,"href":"https:\/\/aura.be\/fr\/wp-json\/wp\/v2\/pages\/93"}],"wp:attachment":[{"href":"https:\/\/aura.be\/fr\/wp-json\/wp\/v2\/media?parent=1519"}],"curies":[{"name":"wp","href":"https:\/\/api.w.org\/{rel}","templated":true}]}}