{"id":4893,"date":"2026-02-12T11:44:11","date_gmt":"2026-02-12T10:44:11","guid":{"rendered":"https:\/\/aura.be\/?page_id=4893"},"modified":"2026-03-10T16:13:06","modified_gmt":"2026-03-10T15:13:06","slug":"entreprise-agterdeheuf","status":"publish","type":"page","link":"https:\/\/aura.be\/fr\/business-agterdeheuf\/","title":{"rendered":"A propos de la sant\u00e9"},"content":{"rendered":"<h3 class=\"wp-block-heading\">Situation commerciale centrale \u00e0 Pelt - Agter de Heuf<\/h3>\n\n\n\n<div class=\"wp-block-media-text is-stacked-on-mobile\"><figure class=\"wp-block-media-text__media\"><img fetchpriority=\"high\" decoding=\"async\" width=\"1024\" height=\"768\" src=\"https:\/\/aura.be\/wp-content\/uploads\/2026\/03\/P3222-C-2025.12.02-1024x768.jpg\" alt=\"\" class=\"wp-image-4930 size-full\" srcset=\"https:\/\/aura.be\/wp-content\/uploads\/2026\/03\/P3222-C-2025.12.02-1024x768.jpg 1024w, https:\/\/aura.be\/wp-content\/uploads\/2026\/03\/P3222-C-2025.12.02-500x375.jpg 500w, https:\/\/aura.be\/wp-content\/uploads\/2026\/03\/P3222-C-2025.12.02-768x576.jpg 768w, https:\/\/aura.be\/wp-content\/uploads\/2026\/03\/P3222-C-2025.12.02-1536x1152.jpg 1536w, https:\/\/aura.be\/wp-content\/uploads\/2026\/03\/P3222-C-2025.12.02-2048x1536.jpg 2048w, https:\/\/aura.be\/wp-content\/uploads\/2026\/03\/P3222-C-2025.12.02-16x12.jpg 16w\" sizes=\"(max-width: 1024px) 100vw, 1024px\" \/><\/figure><div class=\"wp-block-media-text__content\">\n<p>Chez Agter de Heuf, vous trouverez diff\u00e9rents espaces adapt\u00e9s \u00e0 votre activit\u00e9 : une salle de r\u00e9union, une salle d'exposition et une salle de conf\u00e9rence. <strong>locaux de restauration<\/strong> avec terrasse, flexible <strong>unit\u00e9s commerciales<\/strong> ouverte et un <strong>bureaux<\/strong>. Tous les espaces sont facilement accessibles et conviennent \u00e0 une vari\u00e9t\u00e9 de secteurs. D\u00e9couvrez les possibilit\u00e9s et donnez \u00e0 votre entreprise l'espace qu'elle m\u00e9rite.<\/p>\n\n\n\n<div class=\"wp-block-buttons is-layout-flex wp-block-buttons-is-layout-flex\">\n<div class=\"wp-block-button\"><a class=\"wp-block-button__link has-white-color has-text-color has-background has-link-color wp-element-button\" href=\"https:\/\/www.era.be\/nl\/nieuwbouw\/prachtige-handelsruimtes-te-koop-hartje-pelt#nav-contact\" style=\"border-radius:0px;background-color:#bf8268\" target=\"_blank\" rel=\"noreferrer noopener\">Prendre un rendez-vous<\/a><\/div>\n<\/div>\n<\/div><\/div>\n\n\n\n<h2 class=\"wp-block-heading\" style=\"padding-top:55px\">Locaux commerciaux et bureaux<\/h2>\n\n\n\n<p>La combinaison d'un environnement verdoyant, d'une excellente accessibilit\u00e9 et d'une forte visibilit\u00e9 fait de ce projet un choix commercial judicieux pour implanter votre entreprise, magasin, cabinet, bureau ou service de restauration \u00e0 Pelt.<\/p>\n\n\n\n<p>Tous les espaces commerciaux sont livr\u00e9s comme des coquilles, \u00e9tanches au vent et \u00e0 l'eau. Cela vous donne la libert\u00e9 d'adapter la finition \u00e0 votre activit\u00e9 et \u00e0 votre style. Souhaitez-vous encore un soutien en mati\u00e8re d'ameublement ou de techniques ? C'est \u00e9galement possible en concertation. Vous d\u00e9cidez de l'aspect de votre espace commercial, nous vous fournissons une base solide.<\/p>\n\n\n\n<div class=\"wp-block-columns is-layout-flex wp-container-core-columns-is-layout-5fd38e30 wp-block-columns-is-layout-flex\" style=\"margin-top:45px\">\n<div class=\"wp-block-column is-layout-flow wp-block-column-is-layout-flow\">\n<div class=\"wp-block-columns is-layout-flex wp-container-core-columns-is-layout-28f84493 wp-block-columns-is-layout-flex\">\n<div class=\"wp-block-column is-layout-flow wp-block-column-is-layout-flow\">\n<h3 class=\"wp-block-heading\">Pourquoi faire des affaires \u00e0 Agter de Heuf ?<\/h3>\n\n\n\n<ul class=\"wp-block-list\">\n<li>Surfaces flexibles : <strong>des unit\u00e9s compactes aux grandes combinaisons <\/strong>(<strong>69-270m\u00b2<\/strong> et plus)<\/li>\n\n\n\n<li>Situation privil\u00e9gi\u00e9e \u00e0 Pelt : \u00e0 proximit\u00e9 du centre et des soins de sant\u00e9.<\/li>\n\n\n\n<li>Beaucoup de passage gr\u00e2ce \u00e0 la proximit\u00e9 de l'h\u00f4pital, des soins r\u00e9sidentiels et des nouveaux quartiers r\u00e9sidentiels.<\/li>\n\n\n\n<li>Environnement sans voiture avec <strong>parking souterrain<\/strong>.<\/li>\n\n\n\n<li><strong>Facilement accessible<\/strong> \u00e0 v\u00e9lo, en voiture et par les transports publics<\/li>\n\n\n\n<li>Livraison Casco avec possibilit\u00e9 de finition personnalis\u00e9e<\/li>\n<\/ul>\n<\/div>\n\n\n\n<div class=\"wp-block-column is-vertically-aligned-center is-layout-flow wp-block-column-is-layout-flow\">\n<figure class=\"wp-block-image size-large\"><img decoding=\"async\" width=\"1024\" height=\"620\" src=\"https:\/\/aura.be\/wp-content\/uploads\/2025\/03\/P2756-C-2025.05.06-1024x620.jpg\" alt=\"\" class=\"wp-image-4261\" style=\"aspect-ratio:4\/3;object-fit:cover\" srcset=\"https:\/\/aura.be\/wp-content\/uploads\/2025\/03\/P2756-C-2025.05.06-1024x620.jpg 1024w, https:\/\/aura.be\/wp-content\/uploads\/2025\/03\/P2756-C-2025.05.06-500x303.jpg 500w, https:\/\/aura.be\/wp-content\/uploads\/2025\/03\/P2756-C-2025.05.06-768x465.jpg 768w, https:\/\/aura.be\/wp-content\/uploads\/2025\/03\/P2756-C-2025.05.06-1536x930.jpg 1536w, https:\/\/aura.be\/wp-content\/uploads\/2025\/03\/P2756-C-2025.05.06-2048x1240.jpg 2048w, https:\/\/aura.be\/wp-content\/uploads\/2025\/03\/P2756-C-2025.05.06-18x12.jpg 18w\" sizes=\"(max-width: 1024px) 100vw, 1024px\" \/><\/figure>\n<\/div>\n<\/div>\n<\/div>\n<\/div>\n\n\n\n<h3 class=\"wp-block-heading\" style=\"padding-top:40px\">Propri\u00e9t\u00e9s et bureaux propos\u00e9s<\/h3>\n\n\n\n<div class=\"wp-block-columns is-layout-flex wp-container-core-columns-is-layout-60cbf9bb wp-block-columns-is-layout-flex\" style=\"margin-top:50px\">\n<div class=\"wp-block-column has-background is-layout-flow wp-block-column-is-layout-flow\" style=\"background-color:#f8f2ef;padding-top:15px;padding-right:15px;padding-bottom:15px;padding-left:15px\">\n<p><strong>Propri\u00e9t\u00e9 de la restauration<\/strong><\/p>\n\n\n\n<p class=\"has-text-color has-link-color wp-elements-25e59c6495d42a64b2833f543f8a8418\" style=\"color:#bf8268\"><em>A partir de \u20ac 589 829<\/em><\/p>\n\n\n\n<figure class=\"wp-block-image size-large\"><img decoding=\"async\" width=\"1024\" height=\"620\" src=\"https:\/\/aura.be\/wp-content\/uploads\/2025\/03\/P2756-C-2025.05.06-1024x620.jpg\" alt=\"\" class=\"wp-image-4261\" style=\"aspect-ratio:1;object-fit:cover\" srcset=\"https:\/\/aura.be\/wp-content\/uploads\/2025\/03\/P2756-C-2025.05.06-1024x620.jpg 1024w, https:\/\/aura.be\/wp-content\/uploads\/2025\/03\/P2756-C-2025.05.06-500x303.jpg 500w, https:\/\/aura.be\/wp-content\/uploads\/2025\/03\/P2756-C-2025.05.06-768x465.jpg 768w, https:\/\/aura.be\/wp-content\/uploads\/2025\/03\/P2756-C-2025.05.06-1536x930.jpg 1536w, https:\/\/aura.be\/wp-content\/uploads\/2025\/03\/P2756-C-2025.05.06-2048x1240.jpg 2048w, https:\/\/aura.be\/wp-content\/uploads\/2025\/03\/P2756-C-2025.05.06-18x12.jpg 18w\" sizes=\"(max-width: 1024px) 100vw, 1024px\" \/><\/figure>\n\n\n\n<p style=\"font-size:12px\">Surface brute de plancher (GLA) : 260 m\u00b2.<br>TBV (surface brute de plancher de la terrasse) : 281 m\u00b2.<\/p>\n<\/div>\n\n\n\n<div class=\"wp-block-column has-background is-layout-flow wp-block-column-is-layout-flow\" style=\"background-color:#f8f2ef;padding-top:15px;padding-right:15px;padding-bottom:15px;padding-left:15px\">\n<p><strong>Unit\u00e9s commerciales<\/strong><\/p>\n\n\n\n<p class=\"has-text-color has-link-color wp-elements-dc187c61a5574be6f072329ac673c0f1\" style=\"color:#bf8268\"><em>A partir de 129 \u20ac 245<\/em><\/p>\n\n\n\n<figure class=\"wp-block-image size-large\"><img loading=\"lazy\" decoding=\"async\" width=\"1024\" height=\"683\" src=\"https:\/\/aura.be\/wp-content\/uploads\/2025\/03\/P2756-A-2025.05.06-1024x683.jpg\" alt=\"\" class=\"wp-image-4260\" style=\"aspect-ratio:1;object-fit:cover\" srcset=\"https:\/\/aura.be\/wp-content\/uploads\/2025\/03\/P2756-A-2025.05.06-1024x683.jpg 1024w, https:\/\/aura.be\/wp-content\/uploads\/2025\/03\/P2756-A-2025.05.06-500x333.jpg 500w, https:\/\/aura.be\/wp-content\/uploads\/2025\/03\/P2756-A-2025.05.06-768x512.jpg 768w, https:\/\/aura.be\/wp-content\/uploads\/2025\/03\/P2756-A-2025.05.06-1536x1024.jpg 1536w, https:\/\/aura.be\/wp-content\/uploads\/2025\/03\/P2756-A-2025.05.06-2048x1366.jpg 2048w, https:\/\/aura.be\/wp-content\/uploads\/2025\/03\/P2756-A-2025.05.06-18x12.jpg 18w\" sizes=\"(max-width: 1024px) 100vw, 1024px\" \/><figcaption class=\"wp-element-caption\">A1 <\/figcaption><\/figure>\n\n\n\n<p style=\"font-size:12px\">GLA (surface brute de plancher) : 69 - 161 m\u00b2<br><\/p>\n<\/div>\n\n\n\n<div class=\"wp-block-column has-background is-layout-flow wp-block-column-is-layout-flow\" style=\"background-color:#f8f2ef;padding-top:15px;padding-right:15px;padding-bottom:15px;padding-left:15px\">\n<p><strong>Bureaux<\/strong>\/<strong>salles de r\u00e9p\u00e9tition<\/strong><\/p>\n\n\n\n<p class=\"has-text-color has-link-color wp-elements-562c1614ba3749ad51a1b1e2ba4b42fd\" style=\"color:#bf8268\"><em>A partir de 241 499<\/em><\/p>\n\n\n\n<figure class=\"wp-block-image size-large\"><img loading=\"lazy\" decoding=\"async\" width=\"1024\" height=\"683\" src=\"https:\/\/aura.be\/wp-content\/uploads\/2026\/03\/P3222-E3-2025.12.02-1024x683.jpg\" alt=\"\" class=\"wp-image-4931\" style=\"aspect-ratio:1;object-fit:cover\" srcset=\"https:\/\/aura.be\/wp-content\/uploads\/2026\/03\/P3222-E3-2025.12.02-1024x683.jpg 1024w, https:\/\/aura.be\/wp-content\/uploads\/2026\/03\/P3222-E3-2025.12.02-500x333.jpg 500w, https:\/\/aura.be\/wp-content\/uploads\/2026\/03\/P3222-E3-2025.12.02-768x512.jpg 768w, https:\/\/aura.be\/wp-content\/uploads\/2026\/03\/P3222-E3-2025.12.02-1536x1024.jpg 1536w, https:\/\/aura.be\/wp-content\/uploads\/2026\/03\/P3222-E3-2025.12.02-2048x1365.jpg 2048w, https:\/\/aura.be\/wp-content\/uploads\/2026\/03\/P3222-E3-2025.12.02-18x12.jpg 18w\" sizes=\"(max-width: 1024px) 100vw, 1024px\" \/><\/figure>\n\n\n\n<p style=\"font-size:12px\">GLA (gross floor area) : 127 m\u00b2 - 271 m\u00b2<br>Combinaison possible<\/p>\n<\/div>\n<\/div>\n\n\n\n<p>Int\u00e9ress\u00e9(e) ? <br>Contactez ERA TOURNIER pour conna\u00eetre les disponibilit\u00e9s et les modalit\u00e9s de vente.<\/p>\n\n\n\n<p style=\"padding-bottom:35px\">\ud83d\udcde +32 (0)11 550 440 | \ud83d\udce7 <a href=\"mailto:carl@eratournier.be?bcc=beau.schrooten@aura.be&amp;subject=Agter%20de%20Heuf&amp;body=Hallo%20hallo%2C%0D%0A%0D%0AIk%20zou%20graag%20meer%20informatie%20willen%20over%20het%20project%20Agter%20de%20Heuf.%0D%0AKunnen%20we%20hiervoor%20een%20afspraak%20inplannen%3F%0D%0AJe%20kunt%20me%20bereiken%20op%20het%20nummer%3A%0D%0A%0D%0A%0D%0AMet%20vriendelijke%20groeten%2C%0D%0A\">carl@eratournier.be<\/a>| \ud83c\udf10 <a href=\"https:\/\/www.era.be\/nl\/nieuwbouw\/prachtige-handelsruimtes-te-koop-hartje-pelt\">https:\/\/www.era.be\/nl\/nieuwbouw\/prachtige-handelsruimtes-te-koop-hartje-pelt<\/a><\/p>\n\n\n\n<div class=\"wp-block-buttons is-layout-flex wp-block-buttons-is-layout-flex\">\n<div class=\"wp-block-button\"><a class=\"wp-block-button__link has-white-color has-text-color has-background has-link-color wp-element-button\" href=\"https:\/\/www.era.be\/nl\/nieuwbouw\/prachtige-handelsruimtes-te-koop-hartje-pelt#nav-contact\" style=\"border-radius:0px;background-color:#bf8268\" target=\"_blank\" rel=\"noreferrer noopener\">Je souhaite obtenir plus d'informations<\/a><\/div>\n<\/div>\n\n\n\n<h2 class=\"wp-block-heading\" style=\"padding-top:55px\">Appartements<\/h2>\n\n\n\n<div class=\"wp-block-media-text is-stacked-on-mobile\" style=\"margin-bottom:33;padding-bottom:0\"><figure class=\"wp-block-media-text__media\"><img loading=\"lazy\" decoding=\"async\" width=\"960\" height=\"624\" src=\"https:\/\/aura.be\/wp-content\/uploads\/2025\/03\/P3222-A1-2.05-2025.08.14-1.jpg\" alt=\"\" class=\"wp-image-4529 size-full\" srcset=\"https:\/\/aura.be\/wp-content\/uploads\/2025\/03\/P3222-A1-2.05-2025.08.14-1.jpg 960w, https:\/\/aura.be\/wp-content\/uploads\/2025\/03\/P3222-A1-2.05-2025.08.14-1-500x325.jpg 500w, https:\/\/aura.be\/wp-content\/uploads\/2025\/03\/P3222-A1-2.05-2025.08.14-1-768x499.jpg 768w, https:\/\/aura.be\/wp-content\/uploads\/2025\/03\/P3222-A1-2.05-2025.08.14-1-18x12.jpg 18w\" sizes=\"(max-width: 960px) 100vw, 960px\" \/><\/figure><div class=\"wp-block-media-text__content\">\n<p>\u00c0 Agter de Heuf, vous rentrez chez vous dans un appartement \u00e9l\u00e9gant et \u00e9conome en \u00e9nergie, o\u00f9 vous profitez de tous les avantages d'une vie confortable \u00e0 proximit\u00e9 du centre de Pelt, avec des magasins, des \u00e9coles, des centres de soins et des divertissements \u00e0 port\u00e9e de main. Ici, vous ressentez l'effet d\u00e9licieux de la combinaison d'un <strong>une situation centrale et la tranquillit\u00e9 d'un espace int\u00e9rieur magnifiquement am\u00e9nag\u00e9<\/strong>. Ce cadre magnifique et cet emplacement id\u00e9al pour vivre ont depuis \u00e9t\u00e9 pl\u00e9biscit\u00e9s par de nombreuses personnes.<\/p>\n\n\n\n<div class=\"wp-block-buttons is-layout-flex wp-block-buttons-is-layout-flex\">\n<div class=\"wp-block-button\"><a class=\"wp-block-button__link has-white-color has-text-color has-background has-link-color wp-element-button\" href=\"https:\/\/aura.be\/fr\/agterdeheuf\/\" style=\"border-radius:0px;background-color:#bf8268;padding-top:0;padding-bottom:0\" target=\"_blank\" rel=\"noreferrer noopener\">Plus d'informations sur les appartements<\/a><\/div>\n<\/div>\n<\/div><\/div>\n\n\n\n<p style=\"margin-bottom:0\"><\/p>\n\n\n\n<p><\/p>\n\n\n\n<p><\/p>","protected":false},"excerpt":{"rendered":"<p>Centraal ondernemen op een zichtlocatie in Pelt \u2013 Agter de Heuf Handelspanden &amp; kantoren De combinatie van een groene omgeving, uitstekende bereikbaarheid en sterke visibiliteit maakt van dit project een slimme commerci\u00eble keuze om jouw bedrijf, winkel, praktijk, kantoor of horecazaak te vestigen in Pelt. Alle handelsruimtes worden casco opgeleverd, wind- en waterdicht. Dat geeft [&hellip;]<\/p>\n","protected":false},"author":5,"featured_media":4934,"parent":0,"menu_order":0,"comment_status":"closed","ping_status":"closed","template":"","meta":{"_seopress_robots_primary_cat":"","_seopress_titles_title":"","_seopress_titles_desc":"","_seopress_robots_index":"","iawp_total_views":24,"footnotes":""},"class_list":["post-4893","page","type-page","status-publish","has-post-thumbnail","hentry"],"_links":{"self":[{"href":"https:\/\/aura.be\/fr\/wp-json\/wp\/v2\/pages\/4893","targetHints":{"allow":["GET"]}}],"collection":[{"href":"https:\/\/aura.be\/fr\/wp-json\/wp\/v2\/pages"}],"about":[{"href":"https:\/\/aura.be\/fr\/wp-json\/wp\/v2\/types\/page"}],"author":[{"embeddable":true,"href":"https:\/\/aura.be\/fr\/wp-json\/wp\/v2\/users\/5"}],"replies":[{"embeddable":true,"href":"https:\/\/aura.be\/fr\/wp-json\/wp\/v2\/comments?post=4893"}],"version-history":[{"count":6,"href":"https:\/\/aura.be\/fr\/wp-json\/wp\/v2\/pages\/4893\/revisions"}],"predecessor-version":[{"id":4935,"href":"https:\/\/aura.be\/fr\/wp-json\/wp\/v2\/pages\/4893\/revisions\/4935"}],"wp:featuredmedia":[{"embeddable":true,"href":"https:\/\/aura.be\/fr\/wp-json\/wp\/v2\/media\/4934"}],"wp:attachment":[{"href":"https:\/\/aura.be\/fr\/wp-json\/wp\/v2\/media?parent=4893"}],"curies":[{"name":"wp","href":"https:\/\/api.w.org\/{rel}","templated":true}]}}